{"id":245030,"date":"2026-05-17T03:49:59","date_gmt":"2026-05-16T20:49:59","guid":{"rendered":"https:\/\/ezdigi.net\/sua-loi-wordpress-nang-cao-ban-sao-39\/"},"modified":"2026-05-17T03:49:59","modified_gmt":"2026-05-16T20:49:59","slug":"sua-loi-wordpress-nang-cao-ban-sao-39","status":"publish","type":"product","link":"https:\/\/ezdigi.net\/en\/sua-loi-wordpress-nang-cao-ban-sao-39\/","title":{"rendered":"S\u1eeda l\u1ed7i WordPress n\u00e2ng cao &#8211; B\u1ea3n sao"},"content":{"rendered":"<h3><strong>CH\u00daNG T\u00d4I S\u1ebc GI\u1ea2I QUY\u1ebeT C\u00c1C V\u1ea4N \u0110\u1ec0 G\u00cc?<\/strong><\/h3>\n<ul>\n<li>S\u1eeda ch\u1eefa l\u1ed7i n\u1eb7ng, l\u1ed7i kh\u00f3, hi\u1ebfm g\u1eb7p trong WordPress c\u1ee7a b\u1ea1n<\/li>\n<li>S\u1eeda ch\u1eefa l\u1ed7i server<\/li>\n<li>Plugin kh\u00f4ng t\u01b0\u01a1ng th\u00edch<\/li>\n<li>Theme ho\u1ea1t \u0111\u1ed9ng kh\u00f4ng \u1ed5n \u0111\u1ecbnh, th\u01b0\u1eddng xuy\u00ean x\u1ea3y ra l\u1ed7i<\/li>\n<\/ul>\n<h3><strong>AN TO\u00c0N & UY T\u00cdN<\/strong><\/h3>\n<ul>\n<li>S\u1eeda l\u1ed7i trong t\u1eeb 24 \u0111\u1ebfn 48 ti\u1ebfng khi nh\u1eadn \u0111\u01b0\u1ee3c \u0111\u1ea7y \u0111\u1ee7 th\u00f4ng tin v\u00e0 y\u00eau c\u1ea7u<\/li>\n<li>B\u1ea3o m\u1eadt th\u00f4ng tin kh\u00e1ch h\u00e0ng, hosting<\/li>\n<li>Ho\u00e0n ti\u1ec1n 100% n\u1ebfu kh\u00f4ng \u0111\u00e1p \u1ee9ng \u0111\u01b0\u1ee3c y\u00eau c\u1ea7u trong th\u1eddi gian \u0111\u00e3 th\u00f4ng b\u00e1o<\/li>\n<\/ul>\n<h3><strong>L\u01afU \u00dd<\/strong><\/h3>\n<ul>\n<li>M\u1ee9c gi\u00e1 tr\u00ean kh\u00f4ng bao g\u1ed3m chi ph\u00ed t\u0103ng t\u1ed1c website, kh\u1eafc ph\u1ee5c website d\u00ednh malware.<\/li>\n<li>M\u1ee9c gi\u00e1 \u00e1p d\u1ee5ng cho m\u1ed9t l\u1ed7i duy nh\u1ea5t. N\u1ebfu website c\u1ee7a b\u1ea1n c\u00f3 nhi\u1ec1u l\u1ed7i c\u1ea7n kh\u1eafc ph\u1ee5c h\u00e3y li\u00ean h\u1ec7 \u0111\u1ec3 ch\u00fang t\u00f4i c\u00f3 th\u1ec3 gi\u00fap b\u1ea1n<\/li>\n<\/ul>","protected":false},"excerpt":{"rendered":"<div class=\"woocommerce-product-details__short-description\">\n<p>N\u1ebfu website c\u1ee7a b\u1ea1n b\u1ecb l\u1ed7i <strong>n\u1eb7ng<\/strong> m\u00e0 b\u1ea1n kh\u00f4ng c\u00f3 nhi\u1ec1u kinh nghi\u1ec7m x\u1eed l\u00fd, h\u00e3y \u0111\u1ec3 ch\u00fang t\u00f4i x\u1eed l\u00fd thay b\u1ea1n. V\u1edbi kinh nghi\u1ec7m nhi\u1ec1u n\u0103m v\u1edbi m\u00e3 ngu\u1ed3n WordPress, ch\u00fang t\u00f4i t\u1ef1 tin kh\u1eb3ng \u0111\u1ecbnh v\u1edbi b\u1ea1n r\u1eb1ng m\u1ecdi v\u1ea5n \u0111\u1ec1 c\u1ee7a b\u1ea1n s\u1ebd \u0111\u01b0\u1ee3c ch\u00fang t\u00f4i x\u1eed l\u00fd trong nh\u00e1y m\u1eaft.<\/p>\n<p>Tham kh\u1ea3o d\u1ecbch v\u1ee5 <a href=\"https:\/\/sharexcode.com\/san-pham\/sua-loi-wordpress-co-ban\/\">s\u1eeda l\u1ed7i WordPress c\u01a1 b\u1ea3n<\/a><\/p>\n<\/div>","protected":false},"featured_media":245031,"comment_status":"open","ping_status":"closed","template":"","meta":{"_acf_changed":false,"_jet_sm_ready_style":"","_jet_sm_style":"","_jet_sm_controls_values":"","_jet_sm_fonts_collection":"","_jet_sm_fonts_links":"","_links_to":"","_links_to_target":""},"product_brand":[],"product_cat":[402],"product_tag":[],"class_list":{"0":"post-245030","1":"product","2":"type-product","3":"status-publish","4":"has-post-thumbnail","6":"product_cat-plugins","8":"first","9":"instock","10":"shipping-taxable","11":"purchasable","12":"product-type-simple"},"acf":[],"_links":{"self":[{"href":"https:\/\/ezdigi.net\/en\/wp-json\/wp\/v2\/product\/245030","targetHints":{"allow":["GET"]}}],"collection":[{"href":"https:\/\/ezdigi.net\/en\/wp-json\/wp\/v2\/product"}],"about":[{"href":"https:\/\/ezdigi.net\/en\/wp-json\/wp\/v2\/types\/product"}],"replies":[{"embeddable":true,"href":"https:\/\/ezdigi.net\/en\/wp-json\/wp\/v2\/comments?post=245030"}],"version-history":[{"count":0,"href":"https:\/\/ezdigi.net\/en\/wp-json\/wp\/v2\/product\/245030\/revisions"}],"wp:featuredmedia":[{"embeddable":true,"href":"https:\/\/ezdigi.net\/en\/wp-json\/wp\/v2\/media\/245031"}],"wp:attachment":[{"href":"https:\/\/ezdigi.net\/en\/wp-json\/wp\/v2\/media?parent=245030"}],"wp:term":[{"taxonomy":"product_brand","embeddable":true,"href":"https:\/\/ezdigi.net\/en\/wp-json\/wp\/v2\/product_brand?post=245030"},{"taxonomy":"product_cat","embeddable":true,"href":"https:\/\/ezdigi.net\/en\/wp-json\/wp\/v2\/product_cat?post=245030"},{"taxonomy":"product_tag","embeddable":true,"href":"https:\/\/ezdigi.net\/en\/wp-json\/wp\/v2\/product_tag?post=245030"}],"curies":[{"name":"wp","href":"https:\/\/api.w.org\/{rel}","templated":true}]}}