{"id":244734,"date":"2026-05-03T08:06:50","date_gmt":"2026-05-03T01:06:50","guid":{"rendered":"https:\/\/ezdigi.net\/mau-website-sua-man-hinh-dien-thoai-cai-dat-san\/"},"modified":"2026-05-15T15:30:15","modified_gmt":"2026-05-15T08:30:15","slug":"mau-website-sua-man-hinh-dien-thoai-cai-dat-san","status":"publish","type":"product","link":"https:\/\/ezdigi.net\/en\/mau-website-sua-man-hinh-dien-thoai-cai-dat-san\/","title":{"rendered":"M\u1eabu Website S\u1eeda M\u00e0n H\u00ecnh \u0110i\u1ec7n Tho\u1ea1i \u2013 C\u00e0i \u0110\u1eb7t S\u1eb5n"},"content":{"rendered":"","protected":false},"excerpt":{"rendered":"","protected":false},"featured_media":244735,"comment_status":"closed","ping_status":"closed","template":"","meta":{"_acf_changed":false,"_jet_sm_ready_style":"","_jet_sm_style":"","_jet_sm_controls_values":"","_jet_sm_fonts_collection":"","_jet_sm_fonts_links":"","_links_to":"","_links_to_target":""},"product_brand":[],"product_cat":[],"product_tag":[],"class_list":{"0":"post-244734","1":"product","2":"type-product","3":"status-publish","4":"has-post-thumbnail","7":"first","8":"instock","9":"sale","10":"downloadable","11":"virtual","12":"purchasable","13":"product-type-simple"},"acf":[],"_links":{"self":[{"href":"https:\/\/ezdigi.net\/en\/wp-json\/wp\/v2\/product\/244734","targetHints":{"allow":["GET"]}}],"collection":[{"href":"https:\/\/ezdigi.net\/en\/wp-json\/wp\/v2\/product"}],"about":[{"href":"https:\/\/ezdigi.net\/en\/wp-json\/wp\/v2\/types\/product"}],"replies":[{"embeddable":true,"href":"https:\/\/ezdigi.net\/en\/wp-json\/wp\/v2\/comments?post=244734"}],"version-history":[{"count":1,"href":"https:\/\/ezdigi.net\/en\/wp-json\/wp\/v2\/product\/244734\/revisions"}],"predecessor-version":[{"id":244736,"href":"https:\/\/ezdigi.net\/en\/wp-json\/wp\/v2\/product\/244734\/revisions\/244736"}],"wp:featuredmedia":[{"embeddable":true,"href":"https:\/\/ezdigi.net\/en\/wp-json\/wp\/v2\/media\/244735"}],"wp:attachment":[{"href":"https:\/\/ezdigi.net\/en\/wp-json\/wp\/v2\/media?parent=244734"}],"wp:term":[{"taxonomy":"product_brand","embeddable":true,"href":"https:\/\/ezdigi.net\/en\/wp-json\/wp\/v2\/product_brand?post=244734"},{"taxonomy":"product_cat","embeddable":true,"href":"https:\/\/ezdigi.net\/en\/wp-json\/wp\/v2\/product_cat?post=244734"},{"taxonomy":"product_tag","embeddable":true,"href":"https:\/\/ezdigi.net\/en\/wp-json\/wp\/v2\/product_tag?post=244734"}],"curies":[{"name":"wp","href":"https:\/\/api.w.org\/{rel}","templated":true}]}}