{"id":244149,"date":"2026-05-03T01:13:38","date_gmt":"2026-05-02T18:13:38","guid":{"rendered":"https:\/\/ezdigi.net\/mau-website-vay-von-tai-chinh-ho-tro-tai-chinh-ca-nhan-cai-dat-san\/"},"modified":"2026-05-03T01:13:38","modified_gmt":"2026-05-02T18:13:38","slug":"mau-website-vay-von-tai-chinh-ho-tro-tai-chinh-ca-nhan-cai-dat-san","status":"publish","type":"product","link":"https:\/\/ezdigi.net\/en\/mau-website-vay-von-tai-chinh-ho-tro-tai-chinh-ca-nhan-cai-dat-san\/","title":{"rendered":"M\u1eabu Website Vay V\u1ed1n T\u00e0i Ch\u00ednh \u2013 H\u1ed7 Tr\u1ee3 T\u00e0i Ch\u00ednh C\u00e1 Nh\u00e2n \u2013 C\u00e0i \u0110\u1eb7t S\u1eb5n"},"content":{"rendered":"","protected":false},"excerpt":{"rendered":"","protected":false},"featured_media":244150,"comment_status":"closed","ping_status":"closed","template":"","meta":{"_acf_changed":false,"_jet_sm_ready_style":"","_jet_sm_style":"","_jet_sm_controls_values":"","_jet_sm_fonts_collection":"","_jet_sm_fonts_links":"","_links_to":"","_links_to_target":""},"product_brand":[],"product_cat":[],"product_tag":[],"class_list":{"0":"post-244149","1":"product","2":"type-product","3":"status-publish","4":"has-post-thumbnail","7":"first","8":"instock","9":"sale","10":"downloadable","11":"virtual","12":"purchasable","13":"product-type-simple"},"acf":[],"_links":{"self":[{"href":"https:\/\/ezdigi.net\/en\/wp-json\/wp\/v2\/product\/244149","targetHints":{"allow":["GET"]}}],"collection":[{"href":"https:\/\/ezdigi.net\/en\/wp-json\/wp\/v2\/product"}],"about":[{"href":"https:\/\/ezdigi.net\/en\/wp-json\/wp\/v2\/types\/product"}],"replies":[{"embeddable":true,"href":"https:\/\/ezdigi.net\/en\/wp-json\/wp\/v2\/comments?post=244149"}],"version-history":[{"count":1,"href":"https:\/\/ezdigi.net\/en\/wp-json\/wp\/v2\/product\/244149\/revisions"}],"predecessor-version":[{"id":244151,"href":"https:\/\/ezdigi.net\/en\/wp-json\/wp\/v2\/product\/244149\/revisions\/244151"}],"wp:featuredmedia":[{"embeddable":true,"href":"https:\/\/ezdigi.net\/en\/wp-json\/wp\/v2\/media\/244150"}],"wp:attachment":[{"href":"https:\/\/ezdigi.net\/en\/wp-json\/wp\/v2\/media?parent=244149"}],"wp:term":[{"taxonomy":"product_brand","embeddable":true,"href":"https:\/\/ezdigi.net\/en\/wp-json\/wp\/v2\/product_brand?post=244149"},{"taxonomy":"product_cat","embeddable":true,"href":"https:\/\/ezdigi.net\/en\/wp-json\/wp\/v2\/product_cat?post=244149"},{"taxonomy":"product_tag","embeddable":true,"href":"https:\/\/ezdigi.net\/en\/wp-json\/wp\/v2\/product_tag?post=244149"}],"curies":[{"name":"wp","href":"https:\/\/api.w.org\/{rel}","templated":true}]}}