{"id":243935,"date":"2026-05-02T22:44:46","date_gmt":"2026-05-02T15:44:46","guid":{"rendered":"https:\/\/ezdigi.net\/mau-website-ban-tai-nguyen-do-hoa-template-anh-stock-shop-online-cai-dat-san\/"},"modified":"2026-05-02T22:44:46","modified_gmt":"2026-05-02T15:44:46","slug":"mau-website-ban-tai-nguyen-do-hoa-template-anh-stock-shop-online-cai-dat-san","status":"publish","type":"product","link":"https:\/\/ezdigi.net\/en\/mau-website-ban-tai-nguyen-do-hoa-template-anh-stock-shop-online-cai-dat-san\/","title":{"rendered":"M\u1eabu Website B\u00e1n T\u00e0i Nguy\u00ean \u0110\u1ed3 H\u1ecda \u2013 Template \u2013 \u1ea2nh Stock \u2013 Shop Online \u2013 C\u00e0i \u0110\u1eb7t S\u1eb5n"},"content":{"rendered":"","protected":false},"excerpt":{"rendered":"","protected":false},"featured_media":243936,"comment_status":"closed","ping_status":"closed","template":"","meta":{"_acf_changed":false,"_jet_sm_ready_style":"","_jet_sm_style":"","_jet_sm_controls_values":"","_jet_sm_fonts_collection":"","_jet_sm_fonts_links":"","_links_to":"","_links_to_target":""},"product_brand":[],"product_cat":[],"product_tag":[],"class_list":{"0":"post-243935","1":"product","2":"type-product","3":"status-publish","4":"has-post-thumbnail","7":"first","8":"instock","9":"sale","10":"downloadable","11":"virtual","12":"purchasable","13":"product-type-simple"},"acf":[],"_links":{"self":[{"href":"https:\/\/ezdigi.net\/en\/wp-json\/wp\/v2\/product\/243935","targetHints":{"allow":["GET"]}}],"collection":[{"href":"https:\/\/ezdigi.net\/en\/wp-json\/wp\/v2\/product"}],"about":[{"href":"https:\/\/ezdigi.net\/en\/wp-json\/wp\/v2\/types\/product"}],"replies":[{"embeddable":true,"href":"https:\/\/ezdigi.net\/en\/wp-json\/wp\/v2\/comments?post=243935"}],"version-history":[{"count":1,"href":"https:\/\/ezdigi.net\/en\/wp-json\/wp\/v2\/product\/243935\/revisions"}],"predecessor-version":[{"id":243937,"href":"https:\/\/ezdigi.net\/en\/wp-json\/wp\/v2\/product\/243935\/revisions\/243937"}],"wp:featuredmedia":[{"embeddable":true,"href":"https:\/\/ezdigi.net\/en\/wp-json\/wp\/v2\/media\/243936"}],"wp:attachment":[{"href":"https:\/\/ezdigi.net\/en\/wp-json\/wp\/v2\/media?parent=243935"}],"wp:term":[{"taxonomy":"product_brand","embeddable":true,"href":"https:\/\/ezdigi.net\/en\/wp-json\/wp\/v2\/product_brand?post=243935"},{"taxonomy":"product_cat","embeddable":true,"href":"https:\/\/ezdigi.net\/en\/wp-json\/wp\/v2\/product_cat?post=243935"},{"taxonomy":"product_tag","embeddable":true,"href":"https:\/\/ezdigi.net\/en\/wp-json\/wp\/v2\/product_tag?post=243935"}],"curies":[{"name":"wp","href":"https:\/\/api.w.org\/{rel}","templated":true}]}}