{"id":242778,"date":"2026-05-02T02:39:36","date_gmt":"2026-05-01T19:39:36","guid":{"rendered":"https:\/\/ezdigi.net\/mau-website-ban-thuc-an-chan-nuoi-nong-nghiep-cai-dat-san\/"},"modified":"2026-05-02T02:39:37","modified_gmt":"2026-05-01T19:39:37","slug":"mau-website-ban-thuc-an-chan-nuoi-nong-nghiep-cai-dat-san","status":"publish","type":"product","link":"https:\/\/ezdigi.net\/en\/mau-website-ban-thuc-an-chan-nuoi-nong-nghiep-cai-dat-san\/","title":{"rendered":"M\u1eabu Website B\u00e1n Th\u1ee9c \u0102n Ch\u0103n Nu\u00f4i \u2013 N\u00f4ng Nghi\u1ec7p \u2013 C\u00e0i \u0110\u1eb7t S\u1eb5n"},"content":{"rendered":"","protected":false},"excerpt":{"rendered":"","protected":false},"featured_media":242779,"comment_status":"closed","ping_status":"closed","template":"","meta":{"_acf_changed":false,"_jet_sm_ready_style":"","_jet_sm_style":"","_jet_sm_controls_values":"","_jet_sm_fonts_collection":"","_jet_sm_fonts_links":"","_links_to":"","_links_to_target":""},"product_brand":[],"product_cat":[738],"product_tag":[],"class_list":{"0":"post-242778","1":"product","2":"type-product","3":"status-publish","4":"has-post-thumbnail","6":"product_cat-dac-biet-dac-biet","8":"first","9":"instock","10":"sale","11":"downloadable","12":"virtual","13":"purchasable","14":"product-type-simple"},"acf":[],"_links":{"self":[{"href":"https:\/\/ezdigi.net\/en\/wp-json\/wp\/v2\/product\/242778","targetHints":{"allow":["GET"]}}],"collection":[{"href":"https:\/\/ezdigi.net\/en\/wp-json\/wp\/v2\/product"}],"about":[{"href":"https:\/\/ezdigi.net\/en\/wp-json\/wp\/v2\/types\/product"}],"replies":[{"embeddable":true,"href":"https:\/\/ezdigi.net\/en\/wp-json\/wp\/v2\/comments?post=242778"}],"version-history":[{"count":1,"href":"https:\/\/ezdigi.net\/en\/wp-json\/wp\/v2\/product\/242778\/revisions"}],"predecessor-version":[{"id":242780,"href":"https:\/\/ezdigi.net\/en\/wp-json\/wp\/v2\/product\/242778\/revisions\/242780"}],"wp:featuredmedia":[{"embeddable":true,"href":"https:\/\/ezdigi.net\/en\/wp-json\/wp\/v2\/media\/242779"}],"wp:attachment":[{"href":"https:\/\/ezdigi.net\/en\/wp-json\/wp\/v2\/media?parent=242778"}],"wp:term":[{"taxonomy":"product_brand","embeddable":true,"href":"https:\/\/ezdigi.net\/en\/wp-json\/wp\/v2\/product_brand?post=242778"},{"taxonomy":"product_cat","embeddable":true,"href":"https:\/\/ezdigi.net\/en\/wp-json\/wp\/v2\/product_cat?post=242778"},{"taxonomy":"product_tag","embeddable":true,"href":"https:\/\/ezdigi.net\/en\/wp-json\/wp\/v2\/product_tag?post=242778"}],"curies":[{"name":"wp","href":"https:\/\/api.w.org\/{rel}","templated":true}]}}