{"id":242322,"date":"2026-05-01T21:28:35","date_gmt":"2026-05-01T14:28:35","guid":{"rendered":"https:\/\/ezdigi.net\/dich-vu-nang-cap-website-thong-thuong-thanh-website-ban-khoa-hoc-online-day-du-chuc-nang\/"},"modified":"2026-05-01T21:28:35","modified_gmt":"2026-05-01T14:28:35","slug":"dich-vu-nang-cap-website-thong-thuong-thanh-website-ban-khoa-hoc-online-day-du-chuc-nang","status":"publish","type":"product","link":"https:\/\/ezdigi.net\/en\/dich-vu-nang-cap-website-thong-thuong-thanh-website-ban-khoa-hoc-online-day-du-chuc-nang\/","title":{"rendered":"D\u1ecbch v\u1ee5 n\u00e2ng c\u1ea5p website th\u00f4ng th\u01b0\u1eddng th\u00e0nh website b\u00e1n kh\u00f3a h\u1ecdc online \u0111\u1ea7y \u0111\u1ee7 ch\u1ee9c n\u0103ng"},"content":{"rendered":"","protected":false},"excerpt":{"rendered":"","protected":false},"featured_media":242323,"comment_status":"closed","ping_status":"closed","template":"","meta":{"_acf_changed":false,"_jet_sm_ready_style":"","_jet_sm_style":"","_jet_sm_controls_values":"","_jet_sm_fonts_collection":"","_jet_sm_fonts_links":"","_links_to":"","_links_to_target":""},"product_brand":[],"product_cat":[738],"product_tag":[],"class_list":{"0":"post-242322","1":"product","2":"type-product","3":"status-publish","4":"has-post-thumbnail","6":"product_cat-dac-biet-dac-biet","8":"first","9":"instock","10":"sale","11":"downloadable","12":"virtual","13":"purchasable","14":"product-type-simple"},"acf":[],"_links":{"self":[{"href":"https:\/\/ezdigi.net\/en\/wp-json\/wp\/v2\/product\/242322","targetHints":{"allow":["GET"]}}],"collection":[{"href":"https:\/\/ezdigi.net\/en\/wp-json\/wp\/v2\/product"}],"about":[{"href":"https:\/\/ezdigi.net\/en\/wp-json\/wp\/v2\/types\/product"}],"replies":[{"embeddable":true,"href":"https:\/\/ezdigi.net\/en\/wp-json\/wp\/v2\/comments?post=242322"}],"version-history":[{"count":1,"href":"https:\/\/ezdigi.net\/en\/wp-json\/wp\/v2\/product\/242322\/revisions"}],"predecessor-version":[{"id":242324,"href":"https:\/\/ezdigi.net\/en\/wp-json\/wp\/v2\/product\/242322\/revisions\/242324"}],"wp:featuredmedia":[{"embeddable":true,"href":"https:\/\/ezdigi.net\/en\/wp-json\/wp\/v2\/media\/242323"}],"wp:attachment":[{"href":"https:\/\/ezdigi.net\/en\/wp-json\/wp\/v2\/media?parent=242322"}],"wp:term":[{"taxonomy":"product_brand","embeddable":true,"href":"https:\/\/ezdigi.net\/en\/wp-json\/wp\/v2\/product_brand?post=242322"},{"taxonomy":"product_cat","embeddable":true,"href":"https:\/\/ezdigi.net\/en\/wp-json\/wp\/v2\/product_cat?post=242322"},{"taxonomy":"product_tag","embeddable":true,"href":"https:\/\/ezdigi.net\/en\/wp-json\/wp\/v2\/product_tag?post=242322"}],"curies":[{"name":"wp","href":"https:\/\/api.w.org\/{rel}","templated":true}]}}