{"id":242067,"date":"2026-05-01T18:37:39","date_gmt":"2026-05-01T11:37:39","guid":{"rendered":"https:\/\/ezdigi.net\/mau-website-danh-gia-top-review-cai-dat-san\/"},"modified":"2026-05-01T18:37:39","modified_gmt":"2026-05-01T11:37:39","slug":"mau-website-danh-gia-top-review-cai-dat-san","status":"publish","type":"product","link":"https:\/\/ezdigi.net\/en\/mau-website-danh-gia-top-review-cai-dat-san\/","title":{"rendered":"M\u1eabu Website \u0110\u00e1nh Gi\u00e1 \u2013 Top Review \u2013 C\u00e0i \u0110\u1eb7t S\u1eb5n"},"content":{"rendered":"","protected":false},"excerpt":{"rendered":"","protected":false},"featured_media":242068,"comment_status":"closed","ping_status":"closed","template":"","meta":{"_acf_changed":false,"_jet_sm_ready_style":"","_jet_sm_style":"","_jet_sm_controls_values":"","_jet_sm_fonts_collection":"","_jet_sm_fonts_links":"","_links_to":"","_links_to_target":""},"product_brand":[],"product_cat":[15],"product_tag":[],"class_list":{"0":"post-242067","1":"product","2":"type-product","3":"status-publish","4":"has-post-thumbnail","6":"product_cat-chua-phan-loai","8":"first","9":"instock","10":"sale","11":"downloadable","12":"virtual","13":"purchasable","14":"product-type-simple"},"acf":[],"_links":{"self":[{"href":"https:\/\/ezdigi.net\/en\/wp-json\/wp\/v2\/product\/242067","targetHints":{"allow":["GET"]}}],"collection":[{"href":"https:\/\/ezdigi.net\/en\/wp-json\/wp\/v2\/product"}],"about":[{"href":"https:\/\/ezdigi.net\/en\/wp-json\/wp\/v2\/types\/product"}],"replies":[{"embeddable":true,"href":"https:\/\/ezdigi.net\/en\/wp-json\/wp\/v2\/comments?post=242067"}],"version-history":[{"count":1,"href":"https:\/\/ezdigi.net\/en\/wp-json\/wp\/v2\/product\/242067\/revisions"}],"predecessor-version":[{"id":242069,"href":"https:\/\/ezdigi.net\/en\/wp-json\/wp\/v2\/product\/242067\/revisions\/242069"}],"wp:featuredmedia":[{"embeddable":true,"href":"https:\/\/ezdigi.net\/en\/wp-json\/wp\/v2\/media\/242068"}],"wp:attachment":[{"href":"https:\/\/ezdigi.net\/en\/wp-json\/wp\/v2\/media?parent=242067"}],"wp:term":[{"taxonomy":"product_brand","embeddable":true,"href":"https:\/\/ezdigi.net\/en\/wp-json\/wp\/v2\/product_brand?post=242067"},{"taxonomy":"product_cat","embeddable":true,"href":"https:\/\/ezdigi.net\/en\/wp-json\/wp\/v2\/product_cat?post=242067"},{"taxonomy":"product_tag","embeddable":true,"href":"https:\/\/ezdigi.net\/en\/wp-json\/wp\/v2\/product_tag?post=242067"}],"curies":[{"name":"wp","href":"https:\/\/api.w.org\/{rel}","templated":true}]}}