{"id":241413,"date":"2026-05-01T11:07:35","date_gmt":"2026-05-01T04:07:35","guid":{"rendered":"https:\/\/ezdigi.net\/mau-website-shop-ban-tai-nguyen-san-pham-so-ma-nguon-mmo-shop-online-cai-dat-san\/"},"modified":"2026-05-01T11:07:36","modified_gmt":"2026-05-01T04:07:36","slug":"mau-website-shop-ban-tai-nguyen-san-pham-so-ma-nguon-mmo-shop-online-cai-dat-san","status":"publish","type":"product","link":"https:\/\/ezdigi.net\/en\/mau-website-shop-ban-tai-nguyen-san-pham-so-ma-nguon-mmo-shop-online-cai-dat-san\/","title":{"rendered":"M\u1eabu Website Shop B\u00e1n T\u00e0i Nguy\u00ean S\u1ea3n Ph\u1ea9m S\u1ed1 M\u00e3 Ngu\u1ed3n \u2013 Mmo \u2013 Shop Online \u2013 C\u00e0i \u0110\u1eb7t S\u1eb5n"},"content":{"rendered":"","protected":false},"excerpt":{"rendered":"","protected":false},"featured_media":241414,"comment_status":"closed","ping_status":"closed","template":"","meta":{"_acf_changed":false,"_jet_sm_ready_style":"","_jet_sm_style":"","_jet_sm_controls_values":"","_jet_sm_fonts_collection":"","_jet_sm_fonts_links":"","_links_to":"","_links_to_target":""},"product_brand":[],"product_cat":[596],"product_tag":[],"class_list":{"0":"post-241413","1":"product","2":"type-product","3":"status-publish","4":"has-post-thumbnail","6":"product_cat-ban-hang","8":"first","9":"instock","10":"sale","11":"downloadable","12":"virtual","13":"purchasable","14":"product-type-simple"},"acf":[],"_links":{"self":[{"href":"https:\/\/ezdigi.net\/en\/wp-json\/wp\/v2\/product\/241413","targetHints":{"allow":["GET"]}}],"collection":[{"href":"https:\/\/ezdigi.net\/en\/wp-json\/wp\/v2\/product"}],"about":[{"href":"https:\/\/ezdigi.net\/en\/wp-json\/wp\/v2\/types\/product"}],"replies":[{"embeddable":true,"href":"https:\/\/ezdigi.net\/en\/wp-json\/wp\/v2\/comments?post=241413"}],"version-history":[{"count":1,"href":"https:\/\/ezdigi.net\/en\/wp-json\/wp\/v2\/product\/241413\/revisions"}],"predecessor-version":[{"id":241415,"href":"https:\/\/ezdigi.net\/en\/wp-json\/wp\/v2\/product\/241413\/revisions\/241415"}],"wp:featuredmedia":[{"embeddable":true,"href":"https:\/\/ezdigi.net\/en\/wp-json\/wp\/v2\/media\/241414"}],"wp:attachment":[{"href":"https:\/\/ezdigi.net\/en\/wp-json\/wp\/v2\/media?parent=241413"}],"wp:term":[{"taxonomy":"product_brand","embeddable":true,"href":"https:\/\/ezdigi.net\/en\/wp-json\/wp\/v2\/product_brand?post=241413"},{"taxonomy":"product_cat","embeddable":true,"href":"https:\/\/ezdigi.net\/en\/wp-json\/wp\/v2\/product_cat?post=241413"},{"taxonomy":"product_tag","embeddable":true,"href":"https:\/\/ezdigi.net\/en\/wp-json\/wp\/v2\/product_tag?post=241413"}],"curies":[{"name":"wp","href":"https:\/\/api.w.org\/{rel}","templated":true}]}}