{"id":222648,"date":"2022-04-28T12:23:45","date_gmt":"2022-04-28T05:23:45","guid":{"rendered":"https:\/\/ezdigi.net\/?post_type=product&#038;p=222648"},"modified":"2022-04-28T12:23:45","modified_gmt":"2022-04-28T05:23:45","slug":"woocommerce-subscriptions-plugin-quan-ly-dang-ky-khach-hang","status":"publish","type":"product","link":"https:\/\/ezdigi.net\/en\/woocommerce-subscriptions-plugin-quan-ly-dang-ky-khach-hang\/","title":{"rendered":"WooCommerce Subscriptions \u2013 Plugin qu\u1ea3n l\u00fd \u0111\u0103ng k\u00fd kh\u00e1ch h\u00e0ng"},"content":{"rendered":"<p class=\"product_title entry-title\">WooCommerce Subscriptions \u2013 Plugin qu\u1ea3n l\u00fd \u0111\u0103ng k\u00fd kh\u00e1ch h\u00e0ng<\/p>","protected":false},"excerpt":{"rendered":"<p>WooCommerce Subscriptions \u2013 Plugin qu\u1ea3n l\u00fd \u0111\u0103ng k\u00fd kh\u00e1ch h\u00e0ng<\/p>","protected":false},"featured_media":222649,"comment_status":"open","ping_status":"closed","template":"","meta":{"_acf_changed":false,"_jet_sm_ready_style":"","_jet_sm_style":"","_jet_sm_controls_values":"","_jet_sm_fonts_collection":"","_jet_sm_fonts_links":"","_links_to":"","_links_to_target":""},"product_brand":[],"product_cat":[402],"product_tag":[],"class_list":{"0":"post-222648","1":"product","2":"type-product","3":"status-publish","4":"has-post-thumbnail","6":"product_cat-plugins","8":"first","9":"instock","10":"virtual","11":"purchasable","12":"product-type-simple"},"acf":[],"_links":{"self":[{"href":"https:\/\/ezdigi.net\/en\/wp-json\/wp\/v2\/product\/222648","targetHints":{"allow":["GET"]}}],"collection":[{"href":"https:\/\/ezdigi.net\/en\/wp-json\/wp\/v2\/product"}],"about":[{"href":"https:\/\/ezdigi.net\/en\/wp-json\/wp\/v2\/types\/product"}],"replies":[{"embeddable":true,"href":"https:\/\/ezdigi.net\/en\/wp-json\/wp\/v2\/comments?post=222648"}],"version-history":[{"count":0,"href":"https:\/\/ezdigi.net\/en\/wp-json\/wp\/v2\/product\/222648\/revisions"}],"wp:featuredmedia":[{"embeddable":true,"href":"https:\/\/ezdigi.net\/en\/wp-json\/wp\/v2\/media\/222649"}],"wp:attachment":[{"href":"https:\/\/ezdigi.net\/en\/wp-json\/wp\/v2\/media?parent=222648"}],"wp:term":[{"taxonomy":"product_brand","embeddable":true,"href":"https:\/\/ezdigi.net\/en\/wp-json\/wp\/v2\/product_brand?post=222648"},{"taxonomy":"product_cat","embeddable":true,"href":"https:\/\/ezdigi.net\/en\/wp-json\/wp\/v2\/product_cat?post=222648"},{"taxonomy":"product_tag","embeddable":true,"href":"https:\/\/ezdigi.net\/en\/wp-json\/wp\/v2\/product_tag?post=222648"}],"curies":[{"name":"wp","href":"https:\/\/api.w.org\/{rel}","templated":true}]}}