{"id":222507,"date":"2022-04-27T20:56:24","date_gmt":"2022-04-27T13:56:24","guid":{"rendered":"https:\/\/ezdigi.net\/?post_type=product&#038;p=222507"},"modified":"2022-04-27T20:56:25","modified_gmt":"2022-04-27T13:56:25","slug":"fs-poster-tu-dong-dang-bai-theo-lich-trinh","status":"publish","type":"product","link":"https:\/\/ezdigi.net\/en\/fs-poster-tu-dong-dang-bai-theo-lich-trinh\/","title":{"rendered":"FS Poster \u2013 T\u1ef1 \u0111\u1ed9ng \u0111\u0103ng b\u00e0i theo l\u1ecbch tr\u00ecnh"},"content":{"rendered":"<p class=\"product_title entry-title\">FS Poster \u2013 T\u1ef1 \u0111\u1ed9ng \u0111\u0103ng b\u00e0i theo l\u1ecbch tr\u00ecnh<\/p>","protected":false},"excerpt":{"rendered":"<p>FS Poster \u2013 T\u1ef1 \u0111\u1ed9ng \u0111\u0103ng b\u00e0i theo l\u1ecbch tr\u00ecnh<\/p>","protected":false},"featured_media":222508,"comment_status":"open","ping_status":"closed","template":"","meta":{"_acf_changed":false,"_jet_sm_ready_style":"","_jet_sm_style":"","_jet_sm_controls_values":"","_jet_sm_fonts_collection":"","_jet_sm_fonts_links":"","_links_to":"","_links_to_target":""},"product_brand":[],"product_cat":[402],"product_tag":[],"class_list":{"0":"post-222507","1":"product","2":"type-product","3":"status-publish","4":"has-post-thumbnail","6":"product_cat-plugins","8":"first","9":"instock","10":"virtual","11":"purchasable","12":"product-type-simple"},"acf":[],"_links":{"self":[{"href":"https:\/\/ezdigi.net\/en\/wp-json\/wp\/v2\/product\/222507","targetHints":{"allow":["GET"]}}],"collection":[{"href":"https:\/\/ezdigi.net\/en\/wp-json\/wp\/v2\/product"}],"about":[{"href":"https:\/\/ezdigi.net\/en\/wp-json\/wp\/v2\/types\/product"}],"replies":[{"embeddable":true,"href":"https:\/\/ezdigi.net\/en\/wp-json\/wp\/v2\/comments?post=222507"}],"version-history":[{"count":0,"href":"https:\/\/ezdigi.net\/en\/wp-json\/wp\/v2\/product\/222507\/revisions"}],"wp:featuredmedia":[{"embeddable":true,"href":"https:\/\/ezdigi.net\/en\/wp-json\/wp\/v2\/media\/222508"}],"wp:attachment":[{"href":"https:\/\/ezdigi.net\/en\/wp-json\/wp\/v2\/media?parent=222507"}],"wp:term":[{"taxonomy":"product_brand","embeddable":true,"href":"https:\/\/ezdigi.net\/en\/wp-json\/wp\/v2\/product_brand?post=222507"},{"taxonomy":"product_cat","embeddable":true,"href":"https:\/\/ezdigi.net\/en\/wp-json\/wp\/v2\/product_cat?post=222507"},{"taxonomy":"product_tag","embeddable":true,"href":"https:\/\/ezdigi.net\/en\/wp-json\/wp\/v2\/product_tag?post=222507"}],"curies":[{"name":"wp","href":"https:\/\/api.w.org\/{rel}","templated":true}]}}