{"id":222012,"date":"2022-04-17T15:34:29","date_gmt":"2022-04-17T08:34:29","guid":{"rendered":"https:\/\/ezdigi.net\/?post_type=product&#038;p=222012"},"modified":"2022-04-17T15:34:30","modified_gmt":"2022-04-17T08:34:30","slug":"advanced-custom-fields-pro","status":"publish","type":"product","link":"https:\/\/ezdigi.net\/en\/advanced-custom-fields-pro\/","title":{"rendered":"Advanced Custom Fields Pro"},"content":{"rendered":"<p>Mua ngay plugin Advanced Custom Fields Pro ( ACF PRO) v\u1edbi b\u1ed9 plugin n\u00e0y b\u1ea1n c\u00f3 th\u1ec3 t\u1ea1o c\u00e1c tr\u01b0\u1eddng, fields, metabox ch\u1ec9 sau v\u00e0i ph\u00fat m\u00e0 kh\u00f4ng c\u1ea7n can thi\u1ec7p nhi\u1ec1u \u0111\u1ebfn code<\/p>\n<h2>T\u1ea0O B\u1ed8 L\u1eb6P FIELDS<\/h2>\n<p>V\u1edbi b\u1ed9 l\u1eb7p fields b\u1ea1n c\u00f3 th\u1ec3 t\u1ea1o nhi\u1ec1u fields con l\u1eb7p l\u1ea1i nhi\u1ec1u l\u1ea7n, b\u1ea5t c\u1ee9 fields n\u00e0o b\u1ea1n c\u0169ng c\u00f3 th\u1ec3 cho ph\u00e9p l\u1eb7p l\u1ea1i nhi\u1ec1u l\u1ea7n<\/p>\n<p><img loading=\"lazy\" decoding=\"async\" class=\"alignnone size-full wp-image-23657 entered litespeed-loaded\" src=\"https:\/\/ezdigi.net\/wp-content\/uploads\/2022\/04\/advanced-custom-fields-pro-lap-lai-fields.png\" alt=\"\" width=\"540\" height=\"320\" data-lazyloaded=\"1\" data-src=\"https:\/\/ezdigi.net\/wp-content\/uploads\/2022\/04\/advanced-custom-fields-pro-lap-lai-fields.png\" data-srcset=\"https:\/\/ezdigi.net\/wp-content\/uploads\/2022\/04\/advanced-custom-fields-pro-lap-lai-fields.png 540w, https:\/\/ezdigi.net\/wp-content\/uploads\/2022\/04\/advanced-custom-fields-pro-lap-lai-fields-500x296.png 500w\" data-sizes=\"(max-width: 540px) 100vw, 540px\" data-ll-status=\"loaded\" \/><\/p>\n<h2>ADVANCED CUSTOM FIELDS PRO BLOCK<\/h2>\n<p>Kh\u1ea3 n\u0103ng t\u00f9y ch\u1ec9nh m\u1ea1nh m\u1ebd d\u1ef1a tr\u00ean m\u00e3 block php, c\u00e1c block c\u00f3 kh\u1ea3 n\u0103ng t\u00f9y bi\u1ebfn s\u00e2u v\u00e0 m\u1ea1nh m\u1ebd cho ph\u00e9p c\u00e1c nh\u00e0 ph\u00e1t tri\u1ec3n php t\u1ea1o ra c\u00e1c gi\u1ea3i ph\u00e1p ph\u00f9 h\u1ee3p<\/p>\n<p><img loading=\"lazy\" decoding=\"async\" class=\"alignnone size-full wp-image-23657 entered litespeed-loaded\" src=\"https:\/\/ezdigi.net\/wp-content\/uploads\/2022\/04\/advanced-custom-fields-pro-lap-lai-fields.png\" alt=\"\" width=\"540\" height=\"320\" data-lazyloaded=\"1\" data-src=\"https:\/\/ezdigi.net\/wp-content\/uploads\/2022\/04\/advanced-custom-fields-pro-lap-lai-fields.png\" data-srcset=\"https:\/\/ezdigi.net\/wp-content\/uploads\/2022\/04\/advanced-custom-fields-pro-lap-lai-fields.png 540w, https:\/\/ezdigi.net\/wp-content\/uploads\/2022\/04\/advanced-custom-fields-pro-lap-lai-fields-500x296.png 500w\" data-sizes=\"(max-width: 540px) 100vw, 540px\" data-ll-status=\"loaded\" \/><\/p>","protected":false},"excerpt":{"rendered":"<p>Mua ngay plugin Advanced Custom Fields Pro ( ACF PRO) v\u1edbi b\u1ed9 plugin n\u00e0y b\u1ea1n c\u00f3 th\u1ec3 t\u1ea1o c\u00e1c tr\u01b0\u1eddng,<\/p>","protected":false},"featured_media":222013,"comment_status":"open","ping_status":"closed","template":"","meta":{"_acf_changed":false,"_jet_sm_ready_style":"","_jet_sm_style":"","_jet_sm_controls_values":"","_jet_sm_fonts_collection":"","_jet_sm_fonts_links":"","_links_to":"","_links_to_target":""},"product_brand":[],"product_cat":[402],"product_tag":[],"class_list":{"0":"post-222012","1":"product","2":"type-product","3":"status-publish","4":"has-post-thumbnail","6":"product_cat-plugins","8":"first","9":"instock","10":"virtual","11":"purchasable","12":"product-type-simple"},"acf":[],"_links":{"self":[{"href":"https:\/\/ezdigi.net\/en\/wp-json\/wp\/v2\/product\/222012","targetHints":{"allow":["GET"]}}],"collection":[{"href":"https:\/\/ezdigi.net\/en\/wp-json\/wp\/v2\/product"}],"about":[{"href":"https:\/\/ezdigi.net\/en\/wp-json\/wp\/v2\/types\/product"}],"replies":[{"embeddable":true,"href":"https:\/\/ezdigi.net\/en\/wp-json\/wp\/v2\/comments?post=222012"}],"version-history":[{"count":0,"href":"https:\/\/ezdigi.net\/en\/wp-json\/wp\/v2\/product\/222012\/revisions"}],"wp:featuredmedia":[{"embeddable":true,"href":"https:\/\/ezdigi.net\/en\/wp-json\/wp\/v2\/media\/222013"}],"wp:attachment":[{"href":"https:\/\/ezdigi.net\/en\/wp-json\/wp\/v2\/media?parent=222012"}],"wp:term":[{"taxonomy":"product_brand","embeddable":true,"href":"https:\/\/ezdigi.net\/en\/wp-json\/wp\/v2\/product_brand?post=222012"},{"taxonomy":"product_cat","embeddable":true,"href":"https:\/\/ezdigi.net\/en\/wp-json\/wp\/v2\/product_cat?post=222012"},{"taxonomy":"product_tag","embeddable":true,"href":"https:\/\/ezdigi.net\/en\/wp-json\/wp\/v2\/product_tag?post=222012"}],"curies":[{"name":"wp","href":"https:\/\/api.w.org\/{rel}","templated":true}]}}