{"id":222007,"date":"2022-04-17T15:31:10","date_gmt":"2022-04-17T08:31:10","guid":{"rendered":"https:\/\/ezdigi.net\/?post_type=product&#038;p=222007"},"modified":"2022-04-17T15:31:13","modified_gmt":"2022-04-17T08:31:13","slug":"wp-content-crawler-ho-tro-cao-noi-dung-tu-website-khac","status":"publish","type":"product","link":"https:\/\/ezdigi.net\/en\/wp-content-crawler-ho-tro-cao-noi-dung-tu-website-khac\/","title":{"rendered":"WP Content Crawler \u2013 H\u1ed7 tr\u1ee3 c\u00e0o n\u1ed9i d\u1ee5ng t\u1eeb website kh\u00e1c"},"content":{"rendered":"<p>WP Content Crawler l\u00e0 plugin t\u1ed1t nh\u1ea5t hi\u1ec7n nay h\u1ed7 tr\u1ee3 vi\u1ec7c l\u1ea5y n\u1ed9i dung t\u1eeb nh\u1eefng website kh\u00e1c, \u0111\u00e2y l\u00e0 gi\u1ea3i ph\u00e1p t\u1ea1o n\u1ed9i dung t\u1ef1 \u0111\u1ed9ng gi\u00fap b\u1ea1n ti\u1ebft ki\u1ec7m th\u1eddi gian, c\u00f4ng c\u1ee5 n\u00e0y r\u1ea5t h\u1eefu \u00edch cho nh\u1eefng website ch\u1ea1y qu\u1ea3ng c\u00e1o Google Adsense, thao t\u00e1c craw ho\u00e0n to\u00e0n t\u1ef1 \u0111\u1ed9ng ch\u1ec9 c\u1ea7n setup 1 l\u1ea7n duy nh\u1ea5t.<\/p>\n<div id=\"yrm-Tklqv\" class=\"yrm-content yrm-content-1 yrm-hide\" data-id=\"1\" data-show-status=\"true\" data-after-action=\"\">\n<div id=\"yrm-inner-content-yrm-Tklqv\" class=\"yrm-inner-content-wrapper yrm-cntent-1\">\n<h2>WP CONTENT CRALER H\u1ed6 TR\u1ee2 C\u00c0O NHANH G\u1eccN<\/h2>\n<p>H\u1ed7 tr\u1ee3 c\u00e0o n\u1ed9i d\u1ee5ng nhanh g\u1ecdn l\u1eb9 tr\u00ean m\u1ecdi website, t\u00f9y ch\u1ec9nh post, s\u1ea3n ph\u1ea9m, t\u1ef1 \u0111\u1ed9ng ki\u1ec3m tra c\u00e1c b\u00e0i vi\u1ebft tr\u00f9ng l\u1eb7p, t\u1ef1 \u0111\u1ed9ng ki\u1ec3m tra c\u00e1c url tr\u00f9ng l\u1eb7p. T\u00f9y ch\u1ecdn l\u01b0u h\u00ecnh \u1ea3nh thumbnail v\u00e0 craw theo c\u1ea5u tr\u00fac html c\u1ee7a website.<\/p>\n<p><img loading=\"lazy\" decoding=\"async\" class=\"alignnone size-full wp-image-36568 entered litespeed-loaded\" src=\"https:\/\/ezdigi.net\/wp-content\/uploads\/2022\/04\/tuy-chon-cao-noi-dung-wp-content-crawler.png\" alt=\"t\u00f9y ch\u1ecdn c\u00e0o n\u1ed9i d\u1ee5ng wp content crawler\" width=\"882\" height=\"1227\" data-lazyloaded=\"1\" data-src=\"https:\/\/ezdigi.net\/wp-content\/uploads\/2022\/04\/tuy-chon-cao-noi-dung-wp-content-crawler.png\" data-ll-status=\"loaded\" \/><\/p>\n<h2>T\u00d9Y CH\u1eccN CRAW TH\u1ee6 C\u00d4NG<\/h2>\n<p>Ngo\u00e0i t\u00f9y ch\u1ecdn craw t\u1ef1 \u0111\u1ed9ng th\u00ec WP Content Crawler c\u0169ng h\u1ed7 tr\u1ee3 craw th\u1ee7 c\u00f4ng, b\u1ea1n c\u00f3 th\u1ec3 ch\u1ecdn website c\u1ea7n craw, ch\u1ecdn thumbnail, ch\u1ecdn danh m\u1ee5c v\u00e0 ch\u1ecdn s\u1ed1 l\u01b0\u1ee3ng b\u00e0i vi\u1ebft t\u1ed1i \u0111a khi craw.<\/p>\n<p><img loading=\"lazy\" decoding=\"async\" class=\"alignnone size-full wp-image-36569 entered litespeed-loaded\" src=\"https:\/\/ezdigi.net\/wp-content\/uploads\/2022\/04\/tuy-chon-craw-thu-cong-wp-content-crawler.png\" alt=\"t\u00f9y ch\u1ecdn craw th\u1ee7 c\u00f4ng wp content crawler\" width=\"1175\" height=\"1105\" data-lazyloaded=\"1\" data-src=\"https:\/\/ezdigi.net\/wp-content\/uploads\/2022\/04\/tuy-chon-craw-thu-cong-wp-content-crawler.png\" data-ll-status=\"loaded\" \/><\/p>\n<\/div>\n<\/div>","protected":false},"excerpt":{"rendered":"<p>WP Content Crawler l\u00e0 plugin t\u1ed1t nh\u1ea5t hi\u1ec7n nay h\u1ed7 tr\u1ee3 vi\u1ec7c l\u1ea5y n\u1ed9i dung t\u1eeb nh\u1eefng website kh\u00e1c, \u0111\u00e2y<\/p>","protected":false},"featured_media":222008,"comment_status":"open","ping_status":"closed","template":"","meta":{"_acf_changed":false,"_jet_sm_ready_style":"","_jet_sm_style":"","_jet_sm_controls_values":"","_jet_sm_fonts_collection":"","_jet_sm_fonts_links":"","_links_to":"","_links_to_target":""},"product_brand":[],"product_cat":[402],"product_tag":[],"class_list":{"0":"post-222007","1":"product","2":"type-product","3":"status-publish","4":"has-post-thumbnail","6":"product_cat-plugins","8":"first","9":"instock","10":"virtual","11":"purchasable","12":"product-type-simple"},"acf":[],"_links":{"self":[{"href":"https:\/\/ezdigi.net\/en\/wp-json\/wp\/v2\/product\/222007","targetHints":{"allow":["GET"]}}],"collection":[{"href":"https:\/\/ezdigi.net\/en\/wp-json\/wp\/v2\/product"}],"about":[{"href":"https:\/\/ezdigi.net\/en\/wp-json\/wp\/v2\/types\/product"}],"replies":[{"embeddable":true,"href":"https:\/\/ezdigi.net\/en\/wp-json\/wp\/v2\/comments?post=222007"}],"version-history":[{"count":0,"href":"https:\/\/ezdigi.net\/en\/wp-json\/wp\/v2\/product\/222007\/revisions"}],"wp:featuredmedia":[{"embeddable":true,"href":"https:\/\/ezdigi.net\/en\/wp-json\/wp\/v2\/media\/222008"}],"wp:attachment":[{"href":"https:\/\/ezdigi.net\/en\/wp-json\/wp\/v2\/media?parent=222007"}],"wp:term":[{"taxonomy":"product_brand","embeddable":true,"href":"https:\/\/ezdigi.net\/en\/wp-json\/wp\/v2\/product_brand?post=222007"},{"taxonomy":"product_cat","embeddable":true,"href":"https:\/\/ezdigi.net\/en\/wp-json\/wp\/v2\/product_cat?post=222007"},{"taxonomy":"product_tag","embeddable":true,"href":"https:\/\/ezdigi.net\/en\/wp-json\/wp\/v2\/product_tag?post=222007"}],"curies":[{"name":"wp","href":"https:\/\/api.w.org\/{rel}","templated":true}]}}