{"id":221968,"date":"2022-04-17T14:57:07","date_gmt":"2022-04-17T07:57:07","guid":{"rendered":"https:\/\/ezdigi.net\/?post_type=product&#038;p=221968"},"modified":"2022-04-17T14:57:10","modified_gmt":"2022-04-17T07:57:10","slug":"wpdatatables-premium-plugin-tao-bang-va-bieu-do-cho-wordpress","status":"publish","type":"product","link":"https:\/\/ezdigi.net\/en\/wpdatatables-premium-plugin-tao-bang-va-bieu-do-cho-wordpress\/","title":{"rendered":"wpDataTables Premium \u2013 Plugin t\u1ea1o b\u1ea3ng v\u00e0 bi\u1ec3u \u0111\u1ed3 cho WordPress"},"content":{"rendered":"<p>wpDataTables Premium l\u00e0 plugin gi\u00fap t\u1ea1o c\u00e1c b\u1ea3ng n\u00e2ng cao cho WordPress c\u00f9ng v\u1edbi h\u01a1n 60 t\u00ednh n\u0103ng \u0111a d\u1ea1ng, plugin h\u1ed7 tr\u1ee3 th\u00eam h\u00ecnh \u1ea3nh, video, icon, t\u1ea1o c\u00e1c b\u1ed9 l\u1ecdc, xu\u1ea5t v\u00e0 nh\u1eadp data t\u1eeb c\u00e1c n\u1ec1n t\u1ea3ng th\u1ee9 3\u2026wpDataTables Premium t\u01b0\u01a1ng th\u00edch 100% v\u1edbi Elementor, Gutenberg, WP Bakery gi\u00fap b\u1ea1n d\u1ec5 d\u00e0ng t\u1ea1o c\u00e1c trang n\u1ed9i dung th\u00edch \u1ee9ng.<\/p>\n<div id=\"yrm-RSsIi\" class=\"yrm-content yrm-content-1 yrm-hide\" data-id=\"1\" data-show-status=\"true\" data-after-action=\"\">\n<div id=\"yrm-inner-content-yrm-RSsIi\" class=\"yrm-inner-content-wrapper yrm-cntent-1\">\n<h2>WPDATATABLES PREMIUM C\u00d3 \u0110A D\u1ea0NG C\u00c1CH T\u1ea0O<\/h2>\n<p>B\u1ea1n c\u00f3 th\u1ec3 t\u1ea1o b\u1ea3ng theo ph\u01b0\u01a1ng ph\u00e1p th\u1ee7 c\u00f4ng, t\u1ea1o b\u1ea3ng theo database ho\u1eb7c d\u1ef1a tr\u00ean d\u1eef li\u1ec7u Exel, Google Sheets, h\u1ed7 tr\u1ee3 responsive cho nhi\u1ec1u thi\u1ebft b\u1ecb kh\u00e1c nhau, c\u00f3 th\u1ec3 ch\u1ec9nh s\u1eeda m\u1ecdi th\u00e0nh ph\u1ea7n trong b\u1ea3ng bao g\u1ed3m font ch\u1eef, k\u00edch th\u01b0\u1edbc, m\u00e0u s\u1eafc, th\u00eam h\u00ecnh \u1ea3nh\u2026<\/p>\n<p><img loading=\"lazy\" decoding=\"async\" class=\"alignnone size-full wp-image-36571 entered litespeed-loaded\" src=\"https:\/\/ezdigi.net\/wp-content\/uploads\/2022\/04\/wpdatatables-co-dang-cach-tao.png\" alt=\"wpdatatables c\u00f3 da d\u1ea1ng c\u00e1ch t\u1ea1o\" width=\"1187\" height=\"599\" data-lazyloaded=\"1\" data-src=\"https:\/\/ezdigi.net\/wp-content\/uploads\/2022\/04\/wpdatatables-co-dang-cach-tao.png\" data-ll-status=\"loaded\" \/><\/p>\n<h2>T\u1ea0O BI\u1ec2U \u0110\u1ed2 NHANH<\/h2>\n<p>T\u1ea1o bi\u1ec3u \u0111\u1ed3 nhanh g\u1ecdn d\u1ef1a tr\u00ean c\u1ea5u tr\u00fac c\u00f3 s\u1eb5n c\u1ee7a Google Charts, Hight Charts, Chart.js\u2026 \u0111a d\u1ea1ng ki\u1ec3u bi\u1ec3u \u0111\u1ed3 theo theo chi\u1ec1u ngang, chi\u1ec1u d\u1ecdc, bi\u1ec3u \u0111\u1ed3 theo ki\u1ec3u tr\u00f2n\u2026<\/p>\n<p><img loading=\"lazy\" decoding=\"async\" class=\"alignnone size-full wp-image-36572 entered litespeed-loaded\" src=\"https:\/\/ezdigi.net\/wp-content\/uploads\/2022\/04\/tao-bieu-do-wpDataTables.png\" alt=\"t\u1ea1o bi\u1ec3u \u0111\u1ed3 wpDatatables\" width=\"1186\" height=\"844\" data-lazyloaded=\"1\" data-src=\"https:\/\/ezdigi.net\/wp-content\/uploads\/2022\/04\/tao-bieu-do-wpDataTables.png\" data-ll-status=\"loaded\" \/><\/p>\n<h2>H\u1ed6 TR\u1ee2 B\u1ed8 ADDONS \u0110A D\u1ea0NG<\/h2>\n<p>M\u1eb7c d\u00f9 b\u1ea3n th\u00e2n wpDataTables Premium cung c\u1ea5p r\u1ea5t nhi\u1ec1u t\u00ednh n\u0103ng \u0111a d\u1ea1ng, t\u00f9y ch\u1ec9nh linh ho\u1ea1t kh\u00f4ng gi\u1edbi h\u1ea1n nh\u01b0ng b\u1ea1n v\u1eabn c\u00f3 th\u1ec3 s\u1eed d\u1ee5ng th\u00eam nhi\u1ec1u t\u00ednh n\u0103ng n\u00e2ng c\u1ea5p kh\u00e1c nh\u01b0: t\u01b0\u01a1ng th\u00edch form, t\u1ea1o b\u00e1o c\u00e1o, t\u1ea1o b\u1ed9 l\u1ecdc.<\/p>\n<p><img loading=\"lazy\" decoding=\"async\" class=\"alignnone size-full wp-image-36573 entered litespeed-loaded\" src=\"https:\/\/ezdigi.net\/wp-content\/uploads\/2022\/04\/cac-addons-wpdatatables.png\" alt=\"c\u00e1c addons wpdatatables premium\" width=\"1188\" height=\"594\" data-lazyloaded=\"1\" data-src=\"https:\/\/ezdigi.net\/wp-content\/uploads\/2022\/04\/cac-addons-wpdatatables.png\" data-ll-status=\"loaded\" \/><\/p>\n<\/div>\n<\/div>","protected":false},"excerpt":{"rendered":"<p>wpDataTables Premium l\u00e0 plugin gi\u00fap t\u1ea1o c\u00e1c b\u1ea3ng n\u00e2ng cao cho WordPress c\u00f9ng v\u1edbi h\u01a1n 60 t\u00ednh n\u0103ng \u0111a d\u1ea1ng,<\/p>","protected":false},"featured_media":221969,"comment_status":"open","ping_status":"closed","template":"","meta":{"_acf_changed":false,"_jet_sm_ready_style":"","_jet_sm_style":"","_jet_sm_controls_values":"","_jet_sm_fonts_collection":"","_jet_sm_fonts_links":"","_links_to":"","_links_to_target":""},"product_brand":[],"product_cat":[402],"product_tag":[],"class_list":{"0":"post-221968","1":"product","2":"type-product","3":"status-publish","4":"has-post-thumbnail","6":"product_cat-plugins","8":"first","9":"instock","10":"virtual","11":"purchasable","12":"product-type-simple"},"acf":[],"_links":{"self":[{"href":"https:\/\/ezdigi.net\/en\/wp-json\/wp\/v2\/product\/221968","targetHints":{"allow":["GET"]}}],"collection":[{"href":"https:\/\/ezdigi.net\/en\/wp-json\/wp\/v2\/product"}],"about":[{"href":"https:\/\/ezdigi.net\/en\/wp-json\/wp\/v2\/types\/product"}],"replies":[{"embeddable":true,"href":"https:\/\/ezdigi.net\/en\/wp-json\/wp\/v2\/comments?post=221968"}],"version-history":[{"count":0,"href":"https:\/\/ezdigi.net\/en\/wp-json\/wp\/v2\/product\/221968\/revisions"}],"wp:featuredmedia":[{"embeddable":true,"href":"https:\/\/ezdigi.net\/en\/wp-json\/wp\/v2\/media\/221969"}],"wp:attachment":[{"href":"https:\/\/ezdigi.net\/en\/wp-json\/wp\/v2\/media?parent=221968"}],"wp:term":[{"taxonomy":"product_brand","embeddable":true,"href":"https:\/\/ezdigi.net\/en\/wp-json\/wp\/v2\/product_brand?post=221968"},{"taxonomy":"product_cat","embeddable":true,"href":"https:\/\/ezdigi.net\/en\/wp-json\/wp\/v2\/product_cat?post=221968"},{"taxonomy":"product_tag","embeddable":true,"href":"https:\/\/ezdigi.net\/en\/wp-json\/wp\/v2\/product_tag?post=221968"}],"curies":[{"name":"wp","href":"https:\/\/api.w.org\/{rel}","templated":true}]}}