{"id":221911,"date":"2022-04-17T10:15:17","date_gmt":"2022-04-17T03:15:17","guid":{"rendered":"https:\/\/ezdigi.net\/?post_type=product&#038;p=221911"},"modified":"2022-04-17T10:15:17","modified_gmt":"2022-04-17T03:15:17","slug":"hotel-listing-plugin-chuyen-dung-cho-nganh-khach-san","status":"publish","type":"product","link":"https:\/\/ezdigi.net\/en\/hotel-listing-plugin-chuyen-dung-cho-nganh-khach-san\/","title":{"rendered":"Hotel Listing \u2013 Plugin chuy\u00ean d\u00f9ng cho ng\u00e0nh kh\u00e1ch s\u1ea1n"},"content":{"rendered":"<p>Hotel Listing \u2013 Plugin chuy\u00ean d\u00f9ng cho ng\u00e0nh kh\u00e1ch s\u1ea1n<\/p>","protected":false},"excerpt":{"rendered":"<p>Hotel Listing \u2013 Plugin chuy\u00ean d\u00f9ng cho ng\u00e0nh kh\u00e1ch s\u1ea1n<\/p>","protected":false},"featured_media":221912,"comment_status":"open","ping_status":"closed","template":"","meta":{"_acf_changed":false,"_jet_sm_ready_style":"","_jet_sm_style":"","_jet_sm_controls_values":"","_jet_sm_fonts_collection":"","_jet_sm_fonts_links":"","_links_to":"","_links_to_target":""},"product_brand":[],"product_cat":[402],"product_tag":[],"class_list":{"0":"post-221911","1":"product","2":"type-product","3":"status-publish","4":"has-post-thumbnail","6":"product_cat-plugins","8":"first","9":"instock","10":"virtual","11":"purchasable","12":"product-type-simple"},"acf":[],"_links":{"self":[{"href":"https:\/\/ezdigi.net\/en\/wp-json\/wp\/v2\/product\/221911","targetHints":{"allow":["GET"]}}],"collection":[{"href":"https:\/\/ezdigi.net\/en\/wp-json\/wp\/v2\/product"}],"about":[{"href":"https:\/\/ezdigi.net\/en\/wp-json\/wp\/v2\/types\/product"}],"replies":[{"embeddable":true,"href":"https:\/\/ezdigi.net\/en\/wp-json\/wp\/v2\/comments?post=221911"}],"version-history":[{"count":0,"href":"https:\/\/ezdigi.net\/en\/wp-json\/wp\/v2\/product\/221911\/revisions"}],"wp:featuredmedia":[{"embeddable":true,"href":"https:\/\/ezdigi.net\/en\/wp-json\/wp\/v2\/media\/221912"}],"wp:attachment":[{"href":"https:\/\/ezdigi.net\/en\/wp-json\/wp\/v2\/media?parent=221911"}],"wp:term":[{"taxonomy":"product_brand","embeddable":true,"href":"https:\/\/ezdigi.net\/en\/wp-json\/wp\/v2\/product_brand?post=221911"},{"taxonomy":"product_cat","embeddable":true,"href":"https:\/\/ezdigi.net\/en\/wp-json\/wp\/v2\/product_cat?post=221911"},{"taxonomy":"product_tag","embeddable":true,"href":"https:\/\/ezdigi.net\/en\/wp-json\/wp\/v2\/product_tag?post=221911"}],"curies":[{"name":"wp","href":"https:\/\/api.w.org\/{rel}","templated":true}]}}