{"id":218754,"date":"2021-05-17T00:45:12","date_gmt":"2021-05-16T17:45:12","guid":{"rendered":"https:\/\/ezdigi.net\/?post_type=product&#038;p=218754"},"modified":"2021-07-26T22:59:05","modified_gmt":"2021-07-26T15:59:05","slug":"interlinks-manager","status":"publish","type":"product","link":"https:\/\/ezdigi.net\/en\/interlinks-manager\/","title":{"rendered":"Interlinks Manager"},"content":{"rendered":"<h3>C\u00e1c t\u00ednh n\u0103ng c\u1ee7a Plugin WordPress Interlinks Manager:<\/h3>\n<ul>\n<li>Li\u00ean k\u1ebft n\u1ed9i b\u1ed9 t\u1ef1 \u0111\u1ed9ng<\/li>\n<li>Ph\u00e2n t\u00edch li\u00ean k\u1ebft n\u1ed9i b\u1ed9<\/li>\n<li>Li\u00ean k\u1ebft th\u1ed1ng k\u00ea n\u01b0\u1edbc tr\u00e1i c\u00e2y<\/li>\n<li>\u0110\u1ec1 xu\u1ea5t li\u00ean k\u1ebft n\u1ed9i b\u1ed9<\/li>\n<li>Theo d\u00f5i li\u00ean k\u1ebft n\u1ed9i b\u1ed9<\/li>\n<li>C\u1ea5u h\u00ecnh d\u1ec5 d\u00e0ng<\/li>\n<li>V\u00e0 nhi\u1ec1u c\u00e1i kh\u00e1c.\u00a0Ki\u1ec3m tra trang web ch\u00ednh th\u1ee9c \u0111\u1ec3 bi\u1ebft th\u00eam th\u00f4ng tin<\/li>\n<\/ul>\n<p>\u0110\u00e2y l\u00e0 m\u1ed9t plugin m\u01a1 \u01b0\u1edbc c\u1ee7a r\u1ea5t nhi\u1ec1u SEOer t\u1eeb tr\u01b0\u1edbc t\u1edbi nay, n\u00f3 t\u1ef1 \u0111\u1ed9ng g\u1eafn link n\u1ed9i theo \u0111i\u1ec1u ki\u1ec7n cho b\u1ea1n, m\u1ed9t plugin ho\u00e0n h\u1ea3o cho nh\u1eefng ai hi\u1ec3u r\u00f5 t\u1ea7m quan tr\u1ecdng c\u1ee7a internal link (link n\u1ed9i).<\/p>\n<p>Nh\u01b0 c\u00e1c b\u1ea1n \u0111\u00e3 bi\u1ebft, link n\u1ed9i c\u00f3 vai tr\u00f2 r\u1ea5t quan tr\u1ecdng trong SEO, nhi\u1ec1u casestudy, nghi\u00ean c\u1ee9u, v\u00ed d\u1ee5, th\u1eed nghi\u1ec7m\u2026 \u0111\u00e3 ch\u1ee9ng minh r\u1eb1ng Link n\u1ed9i t\u1ed1t h\u01a1n Link ngo\u1ea1i (external link) n\u1ebfu bi\u1ebft d\u00f9ng \u0111\u00fang c\u00e1ch. \u0110i\u1ec1u n\u00e0y c\u00f3 ngh\u0129a r\u1eb1ng n\u1ebfu b\u1ea1n bi\u1ebft c\u00e1ch g\u1eafn link n\u1ed9i th\u00f4ng minh th\u00ec website c\u1ee7a b\u1ea1n s\u1ebd d\u1ec5 d\u00e0ng l\u00ean top h\u01a1n.<\/p>\n<p>Nh\u01b0ng v\u1ea5n \u0111\u1ec1 \u1edf \u0111\u00e2y l\u00e0 g\u00ec? B\u1ea1n c\u00f3 r\u1ea5t nhi\u1ec1u b\u00e0i vi\u1ebft \u0111\u00fang kh\u00f4ng? B\u1ea1n kh\u00f4ng th\u1ec3 g\u1eafn link t\u1eebng b\u00e0i vi\u1ebft b\u1eb1ng tay \u0111\u01b0\u1ee3c, h\u01a1n n\u1eefa chi\u1ebfn d\u1ecbch g\u1eafn link c\u1ee7a b\u1ea1n s\u1ebd thay \u0111\u1ed5i li\u00ean t\u1ee5c v\u00e0 b\u1ea1n mu\u1ed1n c\u00f3 1 c\u00f4ng c\u1ee5 g\u1eafn link d\u00f9m b\u1ea1n.<\/p>\n<p>B\u00d9M! \u0110\u00e3 c\u00f3\u00a0Interlinks Manager!<\/p>\n<p>Interlinks Manager s\u1ebd gi\u00fap b\u1ea1n t\u00ecm ra c\u00e1c t\u1eeb kh\u00f3a ph\u00f9 h\u1ee3p v\u00e0 g\u1eafn link \u0111\u1ecbnh s\u1eb5n cho b\u1ea1n v\u00e0 t\u1ef1 \u0111\u1ed9ng h\u00f3a r\u1ea5t nhi\u1ec1u c\u00f4ng vi\u1ec7c. V\u00ed d\u1ee5:<\/p>\n<ul>\n<li>T\u00ecm t\u1ea5t c\u1ea3 c\u00e1c t\u1eeb kh\u00f3a \u201cqu\u1ea7n jeans nam gi\u00e1 r\u1ebb\u201d trong c\u00e1c b\u00e0i vi\u1ebft v\u00e0 g\u1eafn t\u1edbi link ABC n\u00e0o \u0111\u00f3.<\/li>\n<li>T\u1ef1 g\u1ee3i \u00fd link n\u1ed9i ph\u00f9 h\u1ee3p khi b\u1ea1n vi\u1ebft b\u00e0i ho\u1eb7c s\u1eeda b\u00e0i vi\u1ebft<\/li>\n<li>Theo d\u00f5i l\u01b0\u1ee3ng click v\u00e0o t\u1eebng link n\u1ed9i m\u1ed9t c\u00e1ch chi ti\u1ebft<\/li>\n<li>\u2026<\/li>\n<\/ul>\n<p>M\u1ecdi vi\u1ec7c gi\u1edd \u0111\u00e2y s\u1ebd r\u1ea5t d\u1ec5 d\u00e0ng v\u1edbi plugin n\u00e0y, b\u1ea1n s\u1ebd ti\u1ebft ki\u1ec7m \u0111\u01b0\u1ee3c m\u1ed9t t\u1ea5n th\u1eddi gian v\u1edbi\u00a0Interlinks Manager!<\/p>\n<p>Gi\u00e1 ch\u1ec9 300.000\u0111 v\u00e0 \u0111\u01b0\u1ee3c update li\u00ean t\u1ee5c, d\u00f9ng \u0111\u01b0\u1ee3c cho kh\u00f4ng gi\u1edbi h\u1ea1n s\u1ed1 website. H\u00e3y th\u00eam s\u1ea3n ph\u1ea9m v\u00e0o gi\u1ecf h\u00e0ng \u0111\u1ec3 mua ngay nh\u00e9.<\/p>","protected":false},"excerpt":{"rendered":"<p>\u0110\u00e2y l\u00e0 m\u1ed9t plugin m\u01a1 \u01b0\u1edbc c\u1ee7a r\u1ea5t nhi\u1ec1u SEOer t\u1eeb tr\u01b0\u1edbc t\u1edbi nay, n\u00f3 t\u1ef1 \u0111\u1ed9ng g\u1eafn link n\u1ed9i theo \u0111i\u1ec1u ki\u1ec7n cho b\u1ea1n, m\u1ed9t plugin ho\u00e0n h\u1ea3o cho nh\u1eefng ai hi\u1ec3u r\u00f5 t\u1ea7m quan tr\u1ecdng c\u1ee7a internal link (link n\u1ed9i).<\/p>","protected":false},"featured_media":218807,"comment_status":"open","ping_status":"closed","template":"","meta":{"_acf_changed":false,"_jet_sm_ready_style":"","_jet_sm_style":"","_jet_sm_controls_values":"","_jet_sm_fonts_collection":"","_jet_sm_fonts_links":"","_links_to":"","_links_to_target":""},"product_brand":[],"product_cat":[402],"product_tag":[],"class_list":{"0":"post-218754","1":"product","2":"type-product","3":"status-publish","4":"has-post-thumbnail","6":"product_cat-plugins","8":"first","9":"instock","10":"downloadable","11":"virtual","12":"purchasable","13":"product-type-simple"},"acf":[],"_links":{"self":[{"href":"https:\/\/ezdigi.net\/en\/wp-json\/wp\/v2\/product\/218754","targetHints":{"allow":["GET"]}}],"collection":[{"href":"https:\/\/ezdigi.net\/en\/wp-json\/wp\/v2\/product"}],"about":[{"href":"https:\/\/ezdigi.net\/en\/wp-json\/wp\/v2\/types\/product"}],"replies":[{"embeddable":true,"href":"https:\/\/ezdigi.net\/en\/wp-json\/wp\/v2\/comments?post=218754"}],"version-history":[{"count":0,"href":"https:\/\/ezdigi.net\/en\/wp-json\/wp\/v2\/product\/218754\/revisions"}],"wp:featuredmedia":[{"embeddable":true,"href":"https:\/\/ezdigi.net\/en\/wp-json\/wp\/v2\/media\/218807"}],"wp:attachment":[{"href":"https:\/\/ezdigi.net\/en\/wp-json\/wp\/v2\/media?parent=218754"}],"wp:term":[{"taxonomy":"product_brand","embeddable":true,"href":"https:\/\/ezdigi.net\/en\/wp-json\/wp\/v2\/product_brand?post=218754"},{"taxonomy":"product_cat","embeddable":true,"href":"https:\/\/ezdigi.net\/en\/wp-json\/wp\/v2\/product_cat?post=218754"},{"taxonomy":"product_tag","embeddable":true,"href":"https:\/\/ezdigi.net\/en\/wp-json\/wp\/v2\/product_tag?post=218754"}],"curies":[{"name":"wp","href":"https:\/\/api.w.org\/{rel}","templated":true}]}}